{"id":1218,"date":"2021-06-16T07:02:17","date_gmt":"2021-06-16T07:02:17","guid":{"rendered":"https:\/\/machinix.io\/home\/"},"modified":"2025-11-27T07:49:00","modified_gmt":"2025-11-27T07:49:00","slug":"home","status":"publish","type":"page","link":"https:\/\/machinix.io\/de\/","title":{"rendered":"Startseite"},"content":{"rendered":"","protected":false},"excerpt":{"rendered":"","protected":false},"author":2,"featured_media":0,"parent":0,"menu_order":0,"comment_status":"closed","ping_status":"closed","template":"template-homepage.php","meta":{"_acf_changed":false,"inline_featured_image":false,"footnotes":""},"class_list":["post-1218","page","type-page","status-publish","hentry"],"acf":[],"yoast_head":"<!-- This site is optimized with the Yoast SEO plugin v27.5 - https:\/\/yoast.com\/product\/yoast-seo-wordpress\/ -->\n<title>Machinix | Pr\u00e4zisions-CNC-Bauteile | Online bestellen<\/title>\n<meta name=\"description\" content=\"Bestellen Sie Pr\u00e4zisions-CNC-Bearbeitungsteile f\u00fcr Prototypen und Serienproduktion, Online | Un\u00fcbertroffene Flexibilit\u00e4t | Hohe Qualit\u00e4t | Pers\u00f6nlicher Service\" \/>\n<meta name=\"robots\" content=\"index, follow, max-snippet:-1, max-image-preview:large, max-video-preview:-1\" \/>\n<link rel=\"canonical\" href=\"https:\/\/machinix.io\/de\/\" \/>\n<meta property=\"og:locale\" content=\"de_DE\" \/>\n<meta property=\"og:type\" content=\"article\" \/>\n<meta property=\"og:title\" content=\"Machinix | Pr\u00e4zisions-CNC-Bauteile | Online bestellen\" \/>\n<meta property=\"og:description\" content=\"Bestellen Sie Pr\u00e4zisions-CNC-Bearbeitungsteile f\u00fcr Prototypen und Serienproduktion, Online | Un\u00fcbertroffene Flexibilit\u00e4t | Hohe Qualit\u00e4t | Pers\u00f6nlicher Service\" \/>\n<meta property=\"og:url\" content=\"https:\/\/machinix.io\/de\/\" \/>\n<meta property=\"og:site_name\" content=\"Machinix\" \/>\n<meta property=\"article:modified_time\" content=\"2025-11-27T07:49:00+00:00\" \/>\n<meta property=\"og:image\" content=\"https:\/\/machinix.io\/wp-content\/uploads\/2024\/01\/Website-thumbnail-min.png\" \/>\n\t<meta property=\"og:image:width\" content=\"2000\" \/>\n\t<meta property=\"og:image:height\" content=\"2000\" \/>\n\t<meta property=\"og:image:type\" content=\"image\/png\" \/>\n<meta name=\"twitter:card\" content=\"summary_large_image\" \/>\n<script type=\"application\/ld+json\" class=\"yoast-schema-graph\">{\"@context\":\"https:\\\/\\\/schema.org\",\"@graph\":[{\"@type\":\"WebPage\",\"@id\":\"https:\\\/\\\/machinix.io\\\/de\\\/\",\"url\":\"https:\\\/\\\/machinix.io\\\/de\\\/\",\"name\":\"Machinix | Pr\u00e4zisions-CNC-Bauteile | Online bestellen\",\"isPartOf\":{\"@id\":\"https:\\\/\\\/machinix.io\\\/de\\\/#website\"},\"datePublished\":\"2021-06-16T07:02:17+00:00\",\"dateModified\":\"2025-11-27T07:49:00+00:00\",\"description\":\"Bestellen Sie Pr\u00e4zisions-CNC-Bearbeitungsteile f\u00fcr Prototypen und Serienproduktion, Online | Un\u00fcbertroffene Flexibilit\u00e4t | Hohe Qualit\u00e4t | Pers\u00f6nlicher Service\",\"breadcrumb\":{\"@id\":\"https:\\\/\\\/machinix.io\\\/de\\\/#breadcrumb\"},\"inLanguage\":\"de\",\"potentialAction\":[{\"@type\":\"ReadAction\",\"target\":[\"https:\\\/\\\/machinix.io\\\/de\\\/\"]}]},{\"@type\":\"BreadcrumbList\",\"@id\":\"https:\\\/\\\/machinix.io\\\/de\\\/#breadcrumb\",\"itemListElement\":[{\"@type\":\"ListItem\",\"position\":1,\"name\":\"Home\",\"item\":\"https:\\\/\\\/machinix.io\\\/de\\\/home\\\/\"},{\"@type\":\"ListItem\",\"position\":2,\"name\":\"Startseite\"}]},{\"@type\":\"WebSite\",\"@id\":\"https:\\\/\\\/machinix.io\\\/de\\\/#website\",\"url\":\"https:\\\/\\\/machinix.io\\\/de\\\/\",\"name\":\"Machinix\",\"description\":\"\",\"potentialAction\":[{\"@type\":\"SearchAction\",\"target\":{\"@type\":\"EntryPoint\",\"urlTemplate\":\"https:\\\/\\\/machinix.io\\\/de\\\/?s={search_term_string}\"},\"query-input\":{\"@type\":\"PropertyValueSpecification\",\"valueRequired\":true,\"valueName\":\"search_term_string\"}}],\"inLanguage\":\"de\"}]}<\/script>\n<!-- \/ Yoast SEO plugin. -->","yoast_head_json":{"title":"Machinix | Pr\u00e4zisions-CNC-Bauteile | Online bestellen","description":"Bestellen Sie Pr\u00e4zisions-CNC-Bearbeitungsteile f\u00fcr Prototypen und Serienproduktion, Online | Un\u00fcbertroffene Flexibilit\u00e4t | Hohe Qualit\u00e4t | Pers\u00f6nlicher Service","robots":{"index":"index","follow":"follow","max-snippet":"max-snippet:-1","max-image-preview":"max-image-preview:large","max-video-preview":"max-video-preview:-1"},"canonical":"https:\/\/machinix.io\/de\/","og_locale":"de_DE","og_type":"article","og_title":"Machinix | Pr\u00e4zisions-CNC-Bauteile | Online bestellen","og_description":"Bestellen Sie Pr\u00e4zisions-CNC-Bearbeitungsteile f\u00fcr Prototypen und Serienproduktion, Online | Un\u00fcbertroffene Flexibilit\u00e4t | Hohe Qualit\u00e4t | Pers\u00f6nlicher Service","og_url":"https:\/\/machinix.io\/de\/","og_site_name":"Machinix","article_modified_time":"2025-11-27T07:49:00+00:00","og_image":[{"width":2000,"height":2000,"url":"https:\/\/machinix.io\/wp-content\/uploads\/2024\/01\/Website-thumbnail-min.png","type":"image\/png"}],"twitter_card":"summary_large_image","schema":{"@context":"https:\/\/schema.org","@graph":[{"@type":"WebPage","@id":"https:\/\/machinix.io\/de\/","url":"https:\/\/machinix.io\/de\/","name":"Machinix | Pr\u00e4zisions-CNC-Bauteile | Online bestellen","isPartOf":{"@id":"https:\/\/machinix.io\/de\/#website"},"datePublished":"2021-06-16T07:02:17+00:00","dateModified":"2025-11-27T07:49:00+00:00","description":"Bestellen Sie Pr\u00e4zisions-CNC-Bearbeitungsteile f\u00fcr Prototypen und Serienproduktion, Online | Un\u00fcbertroffene Flexibilit\u00e4t | Hohe Qualit\u00e4t | Pers\u00f6nlicher Service","breadcrumb":{"@id":"https:\/\/machinix.io\/de\/#breadcrumb"},"inLanguage":"de","potentialAction":[{"@type":"ReadAction","target":["https:\/\/machinix.io\/de\/"]}]},{"@type":"BreadcrumbList","@id":"https:\/\/machinix.io\/de\/#breadcrumb","itemListElement":[{"@type":"ListItem","position":1,"name":"Home","item":"https:\/\/machinix.io\/de\/home\/"},{"@type":"ListItem","position":2,"name":"Startseite"}]},{"@type":"WebSite","@id":"https:\/\/machinix.io\/de\/#website","url":"https:\/\/machinix.io\/de\/","name":"Machinix","description":"","potentialAction":[{"@type":"SearchAction","target":{"@type":"EntryPoint","urlTemplate":"https:\/\/machinix.io\/de\/?s={search_term_string}"},"query-input":{"@type":"PropertyValueSpecification","valueRequired":true,"valueName":"search_term_string"}}],"inLanguage":"de"}]}},"_links":{"self":[{"href":"https:\/\/machinix.io\/de\/wp-json\/wp\/v2\/pages\/1218","targetHints":{"allow":["GET"]}}],"collection":[{"href":"https:\/\/machinix.io\/de\/wp-json\/wp\/v2\/pages"}],"about":[{"href":"https:\/\/machinix.io\/de\/wp-json\/wp\/v2\/types\/page"}],"author":[{"embeddable":true,"href":"https:\/\/machinix.io\/de\/wp-json\/wp\/v2\/users\/2"}],"replies":[{"embeddable":true,"href":"https:\/\/machinix.io\/de\/wp-json\/wp\/v2\/comments?post=1218"}],"version-history":[{"count":6,"href":"https:\/\/machinix.io\/de\/wp-json\/wp\/v2\/pages\/1218\/revisions"}],"predecessor-version":[{"id":1590,"href":"https:\/\/machinix.io\/de\/wp-json\/wp\/v2\/pages\/1218\/revisions\/1590"}],"wp:attachment":[{"href":"https:\/\/machinix.io\/de\/wp-json\/wp\/v2\/media?parent=1218"}],"curies":[{"name":"wp","href":"https:\/\/api.w.org\/{rel}","templated":true}]}}